{"id":1161,"date":"2024-03-04T15:46:14","date_gmt":"2024-03-04T14:46:14","guid":{"rendered":"https:\/\/pksolutions.be\/producten\/batterijen\/"},"modified":"2024-10-09T16:09:35","modified_gmt":"2024-10-09T14:09:35","slug":"batteries","status":"publish","type":"page","link":"https:\/\/pksolutions.be\/fr\/produits\/batteries\/","title":{"rendered":"Batteries"},"content":{"rendered":"<p><div class=\"fusion-fullwidth fullwidth-box fusion-builder-row-1 fusion-flex-container has-pattern-background has-mask-background default-row-width nonhundred-percent-fullwidth non-hundred-percent-height-scrolling\" style=\"--awb-border-radius-top-left:0px;--awb-border-radius-top-right:0px;--awb-border-radius-bottom-right:0px;--awb-border-radius-bottom-left:0px;--awb-padding-bottom:70px;--awb-padding-bottom-small:40px;--awb-margin-top:40px;--awb-flex-wrap:wrap;\" ><div class=\"fusion-builder-row fusion-row fusion-flex-align-items-flex-start fusion-flex-justify-content-space-between fusion-flex-content-wrap\" style=\"max-width:calc( 1400px + 0px );margin-left: calc(-0px \/ 2 );margin-right: calc(-0px \/ 2 );\"><div class=\"fusion-layout-column fusion_builder_column fusion-builder-column-0 fusion_builder_column_1_2 1_2 fusion-flex-column\" style=\"--awb-bg-size:cover;--awb-width-large:50%;--awb-margin-top-large:0px;--awb-spacing-right-large:0px;--awb-margin-bottom-large:0px;--awb-spacing-left-large:0px;--awb-width-medium:100%;--awb-order-medium:0;--awb-spacing-right-medium:0px;--awb-spacing-left-medium:0px;--awb-width-small:100%;--awb-order-small:0;--awb-spacing-right-small:0px;--awb-spacing-left-small:0px;\" data-scroll-devices=\"small-visibility,medium-visibility,large-visibility\"><div class=\"fusion-column-wrapper fusion-column-has-shadow fusion-flex-justify-content-flex-start fusion-content-layout-column\"><div class=\"fusion-text fusion-text-1 fusion-text-no-margin green-color font-24\" style=\"--awb-margin-bottom:10px;\"><p>Produits<\/p>\n<\/div><div class=\"fusion-title title fusion-title-1 fusion-title-text fusion-title-size-three weight-700\" style=\"--awb-margin-bottom:0px;\"><div class=\"title-sep-container title-sep-container-left fusion-no-large-visibility fusion-no-medium-visibility fusion-no-small-visibility\"><div class=\"title-sep sep-double sep-solid\" style=\"border-color:#e0dede;\"><\/div><\/div><span class=\"awb-title-spacer fusion-no-large-visibility fusion-no-medium-visibility fusion-no-small-visibility\"><\/span><h3 class=\"fusion-title-heading title-heading-left fusion-responsive-typography-calculated\" style=\"margin:0;--fontSize:16;--minFontSize:16;line-height:1.5;\">Batteries<\/h3><span class=\"awb-title-spacer\"><\/span><div class=\"title-sep-container title-sep-container-right\"><div class=\"title-sep sep-double sep-solid\" style=\"border-color:#e0dede;\"><\/div><\/div><\/div><div class=\"fusion-text fusion-text-2\" style=\"--awb-margin-top:45px;\"><p><strong>Vous avez du mal \u00e0 trouver des batteries de remplacement pour votre onduleur ? Savez-vous de quelles piles vous avez besoin ?<\/strong><\/p>\n<p>Nous stockons des batteries de remplacement pour APC UPS, Legrand UPS, Socomec UPS, Eaton UPS et beaucoup d&rsquo;autres marques populaires d&rsquo;alimentation sans interruption. Nous sommes \u00e9galement distributeur agr\u00e9\u00e9 NPP, BB et Monbat et nous offrons une gamme compl\u00e8te de batteries.<\/p>\n<p>Pour les syst\u00e8mes d&rsquo;ASI plus importants, nous proposons un service de remplacement des batteries sur site pour tous les principaux fabricants d&rsquo;ASI, y compris l&rsquo;enl\u00e8vement et l&rsquo;\u00e9limination en toute s\u00e9curit\u00e9 des anciennes batteries d&rsquo;ASI.<\/p>\n<p>NPP et BB produisent des batteries de petite et moyenne taille, tandis que<\/p>\n<p>Monbat produit des batteries pour les syst\u00e8mes UPS allant des unit\u00e9s moyennes aux grandes installations.<\/p>\n<p>Les batteries NPP et Monbat UPS soutiennent les infrastructures critiques et fournissent une source d&rsquo;alimentation de secours fiable pour certains des \u00e9quipements et technologies les plus essentiels au monde.<\/p>\n<\/div><\/div><\/div><div class=\"fusion-layout-column fusion_builder_column fusion-builder-column-1 fusion_builder_column_2_5 2_5 fusion-flex-column fusion-flex-align-self-stretch\" style=\"--awb-bg-size:cover;--awb-width-large:40%;--awb-margin-top-large:60px;--awb-spacing-right-large:0px;--awb-margin-bottom-large:0px;--awb-spacing-left-large:0px;--awb-width-medium:100%;--awb-order-medium:0;--awb-spacing-right-medium:0px;--awb-spacing-left-medium:0px;--awb-width-small:100%;--awb-order-small:0;--awb-spacing-right-small:0px;--awb-spacing-left-small:0px;\" data-scroll-devices=\"small-visibility,medium-visibility,large-visibility\"><div class=\"fusion-column-wrapper fusion-column-has-shadow fusion-flex-justify-content-flex-end fusion-content-layout-column\"><div class=\"fusion-image-element \" style=\"--awb-caption-title-font-family:var(--h2_typography-font-family);--awb-caption-title-font-weight:var(--h2_typography-font-weight);--awb-caption-title-font-style:var(--h2_typography-font-style);--awb-caption-title-size:var(--h2_typography-font-size);--awb-caption-title-transform:var(--h2_typography-text-transform);--awb-caption-title-line-height:var(--h2_typography-line-height);--awb-caption-title-letter-spacing:var(--h2_typography-letter-spacing);\"><span class=\" fusion-imageframe imageframe-none imageframe-1 hover-type-none\"><img decoding=\"async\" width=\"1920\" height=\"1440\" alt=\"Monbat batterijen\" title=\"Monbat 1\" src=\"https:\/\/pksolutions.be\/wp-content\/uploads\/2024\/04\/Monbat-1.png\" class=\"img-responsive wp-image-1167\" srcset=\"https:\/\/pksolutions.be\/wp-content\/uploads\/2024\/04\/Monbat-1-200x150.png 200w, https:\/\/pksolutions.be\/wp-content\/uploads\/2024\/04\/Monbat-1-400x300.png 400w, https:\/\/pksolutions.be\/wp-content\/uploads\/2024\/04\/Monbat-1-600x450.png 600w, https:\/\/pksolutions.be\/wp-content\/uploads\/2024\/04\/Monbat-1-800x600.png 800w, https:\/\/pksolutions.be\/wp-content\/uploads\/2024\/04\/Monbat-1-1200x900.png 1200w, https:\/\/pksolutions.be\/wp-content\/uploads\/2024\/04\/Monbat-1.png 1920w\" sizes=\"(max-width: 1024px) 100vw, (max-width: 640px) 100vw, 600px\" \/><\/span><\/div><div class=\"fusion-text fusion-text-3\" style=\"--awb-margin-top:75px;\"><p>En tant que distributeur de batteries de premier plan, nous pouvons vous aider \u00e0 choisir ou \u00e0 installer votre batterie de remplacement.<\/p>\n<\/div><\/div><\/div><\/div><\/div><div class=\"fusion-fullwidth fullwidth-box fusion-builder-row-2 fusion-flex-container has-pattern-background has-mask-background custom-row-width nonhundred-percent-fullwidth non-hundred-percent-height-scrolling\" style=\"--awb-border-radius-top-left:0px;--awb-border-radius-top-right:0px;--awb-border-radius-bottom-right:0px;--awb-border-radius-bottom-left:0px;--awb-padding-top:30px;--awb-padding-bottom:90px;--awb-padding-bottom-small:15px;--awb-flex-wrap:wrap;\" ><div class=\"fusion-builder-row fusion-row fusion-flex-align-items-center fusion-flex-content-wrap\" style=\"max-width:calc( 1400px + 0px );margin-left: calc(-0px \/ 2 );margin-right: calc(-0px \/ 2 );\"><div class=\"fusion-layout-column fusion_builder_column fusion-builder-column-2 fusion_builder_column_1_2 1_2 fusion-flex-column wow fadeInUp\" style=\"--awb-padding-right:90px;--awb-padding-right-medium:0px;--awb-bg-size:cover;--awb-width-large:50%;--awb-margin-top-large:0px;--awb-spacing-right-large:0px;--awb-margin-bottom-large:0px;--awb-spacing-left-large:0px;--awb-width-medium:100%;--awb-order-medium:0;--awb-spacing-right-medium:0px;--awb-margin-bottom-medium:45px;--awb-spacing-left-medium:0px;--awb-width-small:100%;--awb-order-small:0;--awb-spacing-right-small:0px;--awb-spacing-left-small:0px;\" data-scroll-devices=\"small-visibility,medium-visibility,large-visibility\"><div class=\"fusion-column-wrapper fusion-column-has-shadow fusion-flex-justify-content-flex-start fusion-content-layout-column\"><div class=\"fusion-image-element \" style=\"--awb-caption-title-font-family:var(--h2_typography-font-family);--awb-caption-title-font-weight:var(--h2_typography-font-weight);--awb-caption-title-font-style:var(--h2_typography-font-style);--awb-caption-title-size:var(--h2_typography-font-size);--awb-caption-title-transform:var(--h2_typography-text-transform);--awb-caption-title-line-height:var(--h2_typography-line-height);--awb-caption-title-letter-spacing:var(--h2_typography-letter-spacing);\"><span class=\" fusion-imageframe imageframe-none imageframe-2 hover-type-none\"><img decoding=\"async\" width=\"933\" height=\"700\" title=\"producten_batterijen_v1\" src=\"https:\/\/pksolutions.be\/wp-content\/uploads\/2024\/03\/producten_batterijen_v1.jpg\" alt class=\"img-responsive wp-image-1165\" srcset=\"https:\/\/pksolutions.be\/wp-content\/uploads\/2024\/03\/producten_batterijen_v1-200x150.jpg 200w, https:\/\/pksolutions.be\/wp-content\/uploads\/2024\/03\/producten_batterijen_v1-400x300.jpg 400w, https:\/\/pksolutions.be\/wp-content\/uploads\/2024\/03\/producten_batterijen_v1-600x450.jpg 600w, https:\/\/pksolutions.be\/wp-content\/uploads\/2024\/03\/producten_batterijen_v1-800x600.jpg 800w, https:\/\/pksolutions.be\/wp-content\/uploads\/2024\/03\/producten_batterijen_v1.jpg 933w\" sizes=\"(max-width: 1024px) 100vw, (max-width: 640px) 100vw, 800px\" \/><\/span><\/div><\/div><\/div><div class=\"fusion-layout-column fusion_builder_column fusion-builder-column-3 fusion_builder_column_1_2 1_2 fusion-flex-column wow fadeInUp\" style=\"--awb-bg-size:cover;--awb-width-large:50%;--awb-margin-top-large:0px;--awb-spacing-right-large:0px;--awb-margin-bottom-large:0px;--awb-spacing-left-large:0px;--awb-width-medium:100%;--awb-order-medium:0;--awb-spacing-right-medium:0px;--awb-margin-bottom-medium:45px;--awb-spacing-left-medium:0px;--awb-width-small:100%;--awb-order-small:0;--awb-spacing-right-small:0px;--awb-spacing-left-small:0px;\" data-scroll-devices=\"small-visibility,medium-visibility,large-visibility\"><div class=\"fusion-column-wrapper fusion-column-has-shadow fusion-flex-justify-content-flex-start fusion-content-layout-column\"><div class=\"fusion-title title fusion-title-2 fusion-title-text fusion-title-size-two\" style=\"--awb-margin-bottom:0px;\"><div class=\"title-sep-container title-sep-container-left fusion-no-large-visibility fusion-no-medium-visibility fusion-no-small-visibility\"><div class=\"title-sep sep-double sep-solid\" style=\"border-color:#e0dede;\"><\/div><\/div><span class=\"awb-title-spacer fusion-no-large-visibility fusion-no-medium-visibility fusion-no-small-visibility\"><\/span><h2 class=\"fusion-title-heading title-heading-left fusion-responsive-typography-calculated\" style=\"margin:0;--fontSize:18;--minFontSize:18;line-height:1.5;\">Besoin de notre expertise ?<\/h2><span class=\"awb-title-spacer\"><\/span><div class=\"title-sep-container title-sep-container-right\"><div class=\"title-sep sep-double sep-solid\" style=\"border-color:#e0dede;\"><\/div><\/div><\/div><div class=\"fusion-text fusion-text-4\" style=\"--awb-margin-top:60px;\"><p><strong>Contactez un membre du personnel.<\/strong><br \/>\nAppelez le\u00a0<a href=\"tel:+32 15 79 22 00\">+32 15 79 22 00<\/a>\u00a0ou envoyez<br \/>\nun e-mail \u00e0\u00a0<a href=\"mailto:info@pksolutions.be\">info@pksolutions.be<\/a><\/p>\n<\/div><div ><a class=\"fusion-button button-flat fusion-button-default-size button-default fusion-button-default button-1 fusion-button-default-span fusion-button-default-type green-button\" target=\"_self\" href=\"\/fr\/contact\"><span class=\"fusion-button-text awb-button__text awb-button__text--default\">Prendre rendez-vous ici<\/span><\/a><\/div><\/div><\/div><\/div><\/div><\/p>\n","protected":false},"excerpt":{"rendered":"","protected":false},"author":1,"featured_media":0,"parent":1140,"menu_order":0,"comment_status":"closed","ping_status":"closed","template":"100-width.php","meta":{"footnotes":""},"class_list":["post-1161","page","type-page","status-publish","hentry"],"yoast_head":"<!-- This site is optimized with the Yoast SEO plugin v27.4 - https:\/\/yoast.com\/product\/yoast-seo-wordpress\/ -->\n<title>Batteries<\/title>\n<meta name=\"description\" content=\"PK Solutions est distributeur de NPP, BB et Monbat Approved. Nous proposons \u00e9galement une large gamme de batteries.\" \/>\n<meta name=\"robots\" content=\"index, follow, max-snippet:-1, max-image-preview:large, max-video-preview:-1\" \/>\n<link rel=\"canonical\" href=\"https:\/\/pksolutions.be\/fr\/produits\/batteries\/\" \/>\n<meta property=\"og:locale\" content=\"fr_FR\" \/>\n<meta property=\"og:type\" content=\"article\" \/>\n<meta property=\"og:title\" content=\"Batteries\" \/>\n<meta property=\"og:description\" content=\"PK Solutions est distributeur de NPP, BB et Monbat Approved. Nous proposons \u00e9galement une large gamme de batteries.\" \/>\n<meta property=\"og:url\" content=\"https:\/\/pksolutions.be\/fr\/produits\/batteries\/\" \/>\n<meta property=\"og:site_name\" content=\"PK Solutions\" \/>\n<meta property=\"article:modified_time\" content=\"2024-10-09T14:09:35+00:00\" \/>\n<meta name=\"twitter:card\" content=\"summary_large_image\" \/>\n<meta name=\"twitter:label1\" content=\"Dur\u00e9e de lecture estim\u00e9e\" \/>\n\t<meta name=\"twitter:data1\" content=\"2 minutes\" \/>\n<script type=\"application\/ld+json\" class=\"yoast-schema-graph\">{\"@context\":\"https:\\\/\\\/schema.org\",\"@graph\":[{\"@type\":\"WebPage\",\"@id\":\"https:\\\/\\\/pksolutions.be\\\/fr\\\/produits\\\/batteries\\\/\",\"url\":\"https:\\\/\\\/pksolutions.be\\\/fr\\\/produits\\\/batteries\\\/\",\"name\":\"Batteries\",\"isPartOf\":{\"@id\":\"https:\\\/\\\/pksolutions.be\\\/#website\"},\"datePublished\":\"2024-03-04T14:46:14+00:00\",\"dateModified\":\"2024-10-09T14:09:35+00:00\",\"description\":\"PK Solutions est distributeur de NPP, BB et Monbat Approved. Nous proposons \u00e9galement une large gamme de batteries.\",\"breadcrumb\":{\"@id\":\"https:\\\/\\\/pksolutions.be\\\/fr\\\/produits\\\/batteries\\\/#breadcrumb\"},\"inLanguage\":\"fr-FR\",\"potentialAction\":[{\"@type\":\"ReadAction\",\"target\":[\"https:\\\/\\\/pksolutions.be\\\/fr\\\/produits\\\/batteries\\\/\"]}]},{\"@type\":\"BreadcrumbList\",\"@id\":\"https:\\\/\\\/pksolutions.be\\\/fr\\\/produits\\\/batteries\\\/#breadcrumb\",\"itemListElement\":[{\"@type\":\"ListItem\",\"position\":1,\"name\":\"Home\",\"item\":\"https:\\\/\\\/pksolutions.be\\\/fr\\\/\"},{\"@type\":\"ListItem\",\"position\":2,\"name\":\"Produits\",\"item\":\"https:\\\/\\\/pksolutions.be\\\/fr\\\/produits\\\/\"},{\"@type\":\"ListItem\",\"position\":3,\"name\":\"Batteries\"}]},{\"@type\":\"WebSite\",\"@id\":\"https:\\\/\\\/pksolutions.be\\\/#website\",\"url\":\"https:\\\/\\\/pksolutions.be\\\/\",\"name\":\"PK Solutions\",\"description\":\"\",\"potentialAction\":[{\"@type\":\"SearchAction\",\"target\":{\"@type\":\"EntryPoint\",\"urlTemplate\":\"https:\\\/\\\/pksolutions.be\\\/?s={search_term_string}\"},\"query-input\":{\"@type\":\"PropertyValueSpecification\",\"valueRequired\":true,\"valueName\":\"search_term_string\"}}],\"inLanguage\":\"fr-FR\"}]}<\/script>\n<!-- \/ Yoast SEO plugin. -->","yoast_head_json":{"title":"Batteries","description":"PK Solutions est distributeur de NPP, BB et Monbat Approved. Nous proposons \u00e9galement une large gamme de batteries.","robots":{"index":"index","follow":"follow","max-snippet":"max-snippet:-1","max-image-preview":"max-image-preview:large","max-video-preview":"max-video-preview:-1"},"canonical":"https:\/\/pksolutions.be\/fr\/produits\/batteries\/","og_locale":"fr_FR","og_type":"article","og_title":"Batteries","og_description":"PK Solutions est distributeur de NPP, BB et Monbat Approved. Nous proposons \u00e9galement une large gamme de batteries.","og_url":"https:\/\/pksolutions.be\/fr\/produits\/batteries\/","og_site_name":"PK Solutions","article_modified_time":"2024-10-09T14:09:35+00:00","twitter_card":"summary_large_image","twitter_misc":{"Dur\u00e9e de lecture estim\u00e9e":"2 minutes"},"schema":{"@context":"https:\/\/schema.org","@graph":[{"@type":"WebPage","@id":"https:\/\/pksolutions.be\/fr\/produits\/batteries\/","url":"https:\/\/pksolutions.be\/fr\/produits\/batteries\/","name":"Batteries","isPartOf":{"@id":"https:\/\/pksolutions.be\/#website"},"datePublished":"2024-03-04T14:46:14+00:00","dateModified":"2024-10-09T14:09:35+00:00","description":"PK Solutions est distributeur de NPP, BB et Monbat Approved. Nous proposons \u00e9galement une large gamme de batteries.","breadcrumb":{"@id":"https:\/\/pksolutions.be\/fr\/produits\/batteries\/#breadcrumb"},"inLanguage":"fr-FR","potentialAction":[{"@type":"ReadAction","target":["https:\/\/pksolutions.be\/fr\/produits\/batteries\/"]}]},{"@type":"BreadcrumbList","@id":"https:\/\/pksolutions.be\/fr\/produits\/batteries\/#breadcrumb","itemListElement":[{"@type":"ListItem","position":1,"name":"Home","item":"https:\/\/pksolutions.be\/fr\/"},{"@type":"ListItem","position":2,"name":"Produits","item":"https:\/\/pksolutions.be\/fr\/produits\/"},{"@type":"ListItem","position":3,"name":"Batteries"}]},{"@type":"WebSite","@id":"https:\/\/pksolutions.be\/#website","url":"https:\/\/pksolutions.be\/","name":"PK Solutions","description":"","potentialAction":[{"@type":"SearchAction","target":{"@type":"EntryPoint","urlTemplate":"https:\/\/pksolutions.be\/?s={search_term_string}"},"query-input":{"@type":"PropertyValueSpecification","valueRequired":true,"valueName":"search_term_string"}}],"inLanguage":"fr-FR"}]}},"_links":{"self":[{"href":"https:\/\/pksolutions.be\/fr\/wp-json\/wp\/v2\/pages\/1161","targetHints":{"allow":["GET"]}}],"collection":[{"href":"https:\/\/pksolutions.be\/fr\/wp-json\/wp\/v2\/pages"}],"about":[{"href":"https:\/\/pksolutions.be\/fr\/wp-json\/wp\/v2\/types\/page"}],"author":[{"embeddable":true,"href":"https:\/\/pksolutions.be\/fr\/wp-json\/wp\/v2\/users\/1"}],"replies":[{"embeddable":true,"href":"https:\/\/pksolutions.be\/fr\/wp-json\/wp\/v2\/comments?post=1161"}],"version-history":[{"count":4,"href":"https:\/\/pksolutions.be\/fr\/wp-json\/wp\/v2\/pages\/1161\/revisions"}],"predecessor-version":[{"id":1474,"href":"https:\/\/pksolutions.be\/fr\/wp-json\/wp\/v2\/pages\/1161\/revisions\/1474"}],"up":[{"embeddable":true,"href":"https:\/\/pksolutions.be\/fr\/wp-json\/wp\/v2\/pages\/1140"}],"wp:attachment":[{"href":"https:\/\/pksolutions.be\/fr\/wp-json\/wp\/v2\/media?parent=1161"}],"curies":[{"name":"wp","href":"https:\/\/api.w.org\/{rel}","templated":true}]}}